{"id":23,"date":"2023-12-03T11:45:26","date_gmt":"2023-12-03T10:45:26","guid":{"rendered":"http:\/\/www.oligo-ingenierie.fr\/?page_id=23"},"modified":"2025-04-01T20:48:02","modified_gmt":"2025-04-01T18:48:02","slug":"management-de-projet","status":"publish","type":"page","link":"https:\/\/www.oligo-ingenierie.fr\/index.php\/management-de-projet\/","title":{"rendered":"Management de projets"},"content":{"rendered":"\n<p class=\"has-text-align-center\">oligo ing\u00e9nierie propose une mission d&#8217;AMO (Assistance Ma\u00eetrise d&#8217;Ouvrage) mais peut intervenir \u00e9galement en direction d&#8217;un GME (Groupement Momentan\u00e9 d&#8217;Entreprise).<\/p>\n\n\n\n<div class=\"wp-block-group\"><div class=\"wp-block-group__inner-container is-layout-constrained wp-block-group-is-layout-constrained\">\n<div class=\"wp-block-group alignfull has-accent-background-color has-background\" style=\"margin-top:0;margin-bottom:0;padding-top:var(--wp--preset--spacing--50);padding-right:var(--wp--preset--spacing--50);padding-bottom:var(--wp--preset--spacing--50);padding-left:var(--wp--preset--spacing--50)\"><div class=\"wp-block-group__inner-container is-layout-constrained wp-container-core-group-is-layout-669513ed wp-block-group-is-layout-constrained\">\n<div class=\"wp-block-columns alignfull is-layout-flex wp-container-core-columns-is-layout-1da03c2a wp-block-columns-is-layout-flex\">\n<div class=\"wp-block-column is-vertically-aligned-center is-layout-flow wp-block-column-is-layout-flow\" style=\"flex-basis:50%\">\n<div class=\"wp-block-group is-vertical is-content-justification-center is-layout-flex wp-container-core-group-is-layout-b6c228df wp-block-group-is-layout-flex\" style=\"min-height:100%\">\n<h2 class=\"wp-block-heading has-text-align-center\">Assistance Ma\u00eetrise d&#8217;Ouvrage<\/h2>\n<\/div>\n\n\n\n<ul class=\"wp-block-list\">\n<li>Etude de programmation<\/li>\n\n\n\n<li>Calendrier d&#8217;op\u00e9ration<\/li>\n\n\n\n<li>Consultation et assistance au choix des prestataires<\/li>\n\n\n\n<li>Coordination des \u00e9tudes<\/li>\n\n\n\n<li>Accompagnement lors de la phase travaux<\/li>\n\n\n\n<li>Assistance lors des op\u00e9rations de r\u00e9ception<\/li>\n<\/ul>\n\n\n\n<p><\/p>\n\n\n\n<div class=\"wp-block-group\"><div class=\"wp-block-group__inner-container is-layout-constrained wp-block-group-is-layout-constrained\">\n<div class=\"wp-block-columns is-layout-flex wp-container-core-columns-is-layout-28f84493 wp-block-columns-is-layout-flex\">\n<div class=\"wp-block-column is-layout-flow wp-block-column-is-layout-flow\" style=\"flex-basis:100%\">\n<h2 class=\"wp-block-heading has-text-align-center\">Direction de Groupement d&#8217;Entreprises<\/h2>\n\n\n\n<p class=\"has-text-align-center\">Montage et coordination d&#8217;un Groupement d&#8217;entreprises :<\/p>\n\n\n\n<ul class=\"wp-block-list\">\n<li>Pour un march\u00e9 de travaux en macro-lots ou tous corps d&#8217;\u00e9tat<\/li>\n\n\n\n<li>Pour un appel d&#8217;offre en conception-r\u00e9alisation<\/li>\n<\/ul>\n<\/div>\n<\/div>\n<\/div><\/div>\n\n\n\n<div class=\"wp-block-group is-vertical is-content-justification-center is-layout-flex wp-container-core-group-is-layout-b6c228df wp-block-group-is-layout-flex\" style=\"min-height:100%\">\n<p><\/p>\n\n\n\n<ul class=\"wp-block-list\"><\/ul>\n\n\n\n<div class=\"wp-block-group is-content-justification-left\"><div class=\"wp-block-group__inner-container is-layout-constrained wp-container-core-group-is-layout-9fe8ed88 wp-block-group-is-layout-constrained\">\n<div class=\"wp-block-buttons is-layout-flex wp-block-buttons-is-layout-flex\"><\/div>\n\n\n\n<p class=\"has-text-align-center wp-container-content-0733e5d0\"><em>Construire l&#8217;avenir durablement<\/em><\/p>\n<\/div><\/div>\n<\/div>\n\n\n<div class=\"wp-block-image is-style-rounded\">\n<figure class=\"aligncenter size-large is-resized\"><img decoding=\"async\" src=\"http:\/\/www.oligo-ingenierie.fr\/wp-content\/themes\/twentytwentyfour\/assets\/images\/museum.webp\" alt=\"Une rampe le long d\u2019un mur incurv\u00e9 au mus\u00e9e Kiasma, Helsinki, Finlande.\" style=\"aspect-ratio:0.75;object-fit:cover;width:318px;height:auto\"\/><\/figure>\n<\/div><\/div>\n<\/div>\n<\/div><\/div>\n<\/div><\/div>\n\n\n\n\n\n<p><\/p>\n","protected":false},"excerpt":{"rendered":"<p>oligo ing\u00e9nierie propose une mission d&#8217;AMO (Assistance Ma\u00eetrise d&#8217;Ouvrage) mais peut intervenir \u00e9galement en direction d&#8217;un GME (Groupement Momentan\u00e9 d&#8217;Entreprise). Assistance Ma\u00eetrise d&#8217;Ouvrage Direction de Groupement d&#8217;Entreprises Montage et coordination d&#8217;un Groupement d&#8217;entreprises : Construire l&#8217;avenir durablement<\/p>\n","protected":false},"author":1,"featured_media":0,"parent":0,"menu_order":1,"comment_status":"closed","ping_status":"closed","template":"","meta":{"_themeisle_gutenberg_block_has_review":false,"footnotes":""},"class_list":["post-23","page","type-page","status-publish","hentry"],"_links":{"self":[{"href":"https:\/\/www.oligo-ingenierie.fr\/index.php\/wp-json\/wp\/v2\/pages\/23","targetHints":{"allow":["GET"]}}],"collection":[{"href":"https:\/\/www.oligo-ingenierie.fr\/index.php\/wp-json\/wp\/v2\/pages"}],"about":[{"href":"https:\/\/www.oligo-ingenierie.fr\/index.php\/wp-json\/wp\/v2\/types\/page"}],"author":[{"embeddable":true,"href":"https:\/\/www.oligo-ingenierie.fr\/index.php\/wp-json\/wp\/v2\/users\/1"}],"replies":[{"embeddable":true,"href":"https:\/\/www.oligo-ingenierie.fr\/index.php\/wp-json\/wp\/v2\/comments?post=23"}],"version-history":[{"count":23,"href":"https:\/\/www.oligo-ingenierie.fr\/index.php\/wp-json\/wp\/v2\/pages\/23\/revisions"}],"predecessor-version":[{"id":276,"href":"https:\/\/www.oligo-ingenierie.fr\/index.php\/wp-json\/wp\/v2\/pages\/23\/revisions\/276"}],"wp:attachment":[{"href":"https:\/\/www.oligo-ingenierie.fr\/index.php\/wp-json\/wp\/v2\/media?parent=23"}],"curies":[{"name":"wp","href":"https:\/\/api.w.org\/{rel}","templated":true}]}}