{"id":77,"date":"2023-12-03T17:59:59","date_gmt":"2023-12-03T16:59:59","guid":{"rendered":"http:\/\/www.oligo-ingenierie.fr\/?page_id=77"},"modified":"2025-04-01T18:08:20","modified_gmt":"2025-04-01T16:08:20","slug":"synthese-technique-et-architecturale","status":"publish","type":"page","link":"https:\/\/www.oligo-ingenierie.fr\/index.php\/synthese-technique-et-architecturale\/","title":{"rendered":"Synth\u00e8se technique"},"content":{"rendered":"\n<div class=\"wp-block-group alignwide\"><div class=\"wp-block-group__inner-container is-layout-constrained wp-block-group-is-layout-constrained\">\n<p><strong>Une synth\u00e8se technique et architecturale rigoureuse sont les fondations d&#8217;une construction r\u00e9ussie!<\/strong><\/p>\n<\/div><\/div>\n\n\n\n<div class=\"wp-block-group alignwide\"><div class=\"wp-block-group__inner-container is-layout-constrained wp-block-group-is-layout-constrained\">\n<p>Les \u00e9tudes de synth\u00e8se ont pour objet d&#8217;assurer, pendant la phase d&#8217;\u00e9tudes d&#8217;ex\u00e9cution, la coh\u00e9rence spatiale des \u00e9l\u00e9ments d&#8217;ouvrage de tous les corps d&#8217;\u00e9tat, dans le respect des dispositions architecturales, techniques, d&#8217;exploitation et de maintenance du projet (arr\u00eat\u00e9 du 22 mars 2019).<\/p>\n<\/div><\/div>\n\n\n\n<div class=\"wp-block-group alignwide is-nowrap is-layout-flex wp-container-core-group-is-layout-6c531013 wp-block-group-is-layout-flex\">\n<div class=\"wp-block-group\"><div class=\"wp-block-group__inner-container is-layout-constrained wp-block-group-is-layout-constrained\">\n<figure class=\"wp-block-image size-large is-resized\"><img loading=\"lazy\" decoding=\"async\" width=\"1024\" height=\"849\" src=\"http:\/\/www.oligo-ingenierie.fr\/wp-content\/uploads\/2025\/04\/Synhese-1-1024x849.jpg\" alt=\"\" class=\"wp-image-189\" style=\"width:365px;height:auto\" srcset=\"https:\/\/www.oligo-ingenierie.fr\/wp-content\/uploads\/2025\/04\/Synhese-1-1024x849.jpg 1024w, https:\/\/www.oligo-ingenierie.fr\/wp-content\/uploads\/2025\/04\/Synhese-1-300x249.jpg 300w, https:\/\/www.oligo-ingenierie.fr\/wp-content\/uploads\/2025\/04\/Synhese-1-768x637.jpg 768w, https:\/\/www.oligo-ingenierie.fr\/wp-content\/uploads\/2025\/04\/Synhese-1.jpg 1342w\" sizes=\"auto, (max-width: 1024px) 100vw, 1024px\" \/><\/figure>\n<\/div><\/div>\n\n\n\n<div class=\"wp-block-group\"><div class=\"wp-block-group__inner-container is-layout-constrained wp-block-group-is-layout-constrained\">\n<figure class=\"wp-block-image size-large is-resized\"><img loading=\"lazy\" decoding=\"async\" width=\"1024\" height=\"477\" src=\"http:\/\/www.oligo-ingenierie.fr\/wp-content\/uploads\/2025\/04\/Synhese-2-1024x477.jpg\" alt=\"\" class=\"wp-image-190\" style=\"width:655px;height:auto\" srcset=\"https:\/\/www.oligo-ingenierie.fr\/wp-content\/uploads\/2025\/04\/Synhese-2-1024x477.jpg 1024w, https:\/\/www.oligo-ingenierie.fr\/wp-content\/uploads\/2025\/04\/Synhese-2-300x140.jpg 300w, https:\/\/www.oligo-ingenierie.fr\/wp-content\/uploads\/2025\/04\/Synhese-2-768x357.jpg 768w, https:\/\/www.oligo-ingenierie.fr\/wp-content\/uploads\/2025\/04\/Synhese-2.jpg 1126w\" sizes=\"auto, (max-width: 1024px) 100vw, 1024px\" \/><\/figure>\n<\/div><\/div>\n<\/div>\n\n\n\n<p><\/p>\n","protected":false},"excerpt":{"rendered":"<p>Une synth\u00e8se technique et architecturale rigoureuse sont les fondations d&#8217;une construction r\u00e9ussie! Les \u00e9tudes de synth\u00e8se ont pour objet d&#8217;assurer, pendant la phase d&#8217;\u00e9tudes d&#8217;ex\u00e9cution, la coh\u00e9rence spatiale des \u00e9l\u00e9ments d&#8217;ouvrage de tous les corps d&#8217;\u00e9tat, dans le respect des dispositions architecturales, techniques, d&#8217;exploitation et de maintenance du projet (arr\u00eat\u00e9 [&hellip;]<\/p>\n","protected":false},"author":1,"featured_media":0,"parent":0,"menu_order":4,"comment_status":"closed","ping_status":"closed","template":"","meta":{"_themeisle_gutenberg_block_has_review":false,"footnotes":""},"class_list":["post-77","page","type-page","status-publish","hentry"],"_links":{"self":[{"href":"https:\/\/www.oligo-ingenierie.fr\/index.php\/wp-json\/wp\/v2\/pages\/77","targetHints":{"allow":["GET"]}}],"collection":[{"href":"https:\/\/www.oligo-ingenierie.fr\/index.php\/wp-json\/wp\/v2\/pages"}],"about":[{"href":"https:\/\/www.oligo-ingenierie.fr\/index.php\/wp-json\/wp\/v2\/types\/page"}],"author":[{"embeddable":true,"href":"https:\/\/www.oligo-ingenierie.fr\/index.php\/wp-json\/wp\/v2\/users\/1"}],"replies":[{"embeddable":true,"href":"https:\/\/www.oligo-ingenierie.fr\/index.php\/wp-json\/wp\/v2\/comments?post=77"}],"version-history":[{"count":7,"href":"https:\/\/www.oligo-ingenierie.fr\/index.php\/wp-json\/wp\/v2\/pages\/77\/revisions"}],"predecessor-version":[{"id":252,"href":"https:\/\/www.oligo-ingenierie.fr\/index.php\/wp-json\/wp\/v2\/pages\/77\/revisions\/252"}],"wp:attachment":[{"href":"https:\/\/www.oligo-ingenierie.fr\/index.php\/wp-json\/wp\/v2\/media?parent=77"}],"curies":[{"name":"wp","href":"https:\/\/api.w.org\/{rel}","templated":true}]}}